{"id":2453,"date":"2024-04-10T20:13:45","date_gmt":"2024-04-10T20:13:45","guid":{"rendered":"https:\/\/ligadonanet.com.br\/cmcontabilidade\/?page_id=2453"},"modified":"2024-04-24T19:38:24","modified_gmt":"2024-04-24T19:38:24","slug":"contabilidade-operadoras-de-saude","status":"publish","type":"page","link":"https:\/\/contabilcm.com.br\/index.php\/contabilidade-operadoras-de-saude\/","title":{"rendered":"CONTABILIDADE OPERADORAS\u00a0DE\u00a0SAUDE"},"content":{"rendered":"\t\t<div data-elementor-type=\"wp-page\" data-elementor-id=\"2453\" class=\"elementor elementor-2453\">\n\t\t\t\t\t\t<section class=\"elementor-section elementor-top-section elementor-element elementor-element-91e64d7 elementor-section-full_width elementor-hidden-mobile elementor-section-height-default elementor-section-height-default wpr-particle-no wpr-jarallax-no wpr-parallax-no wpr-sticky-section-no\" data-id=\"91e64d7\" data-element_type=\"section\">\n\t\t\t\t\t\t<div class=\"elementor-container elementor-column-gap-no\">\n\t\t\t\t\t<div class=\"elementor-column elementor-col-100 elementor-top-column elementor-element elementor-element-3bf1487\" data-id=\"3bf1487\" data-element_type=\"column\">\n\t\t\t<div class=\"elementor-widget-wrap elementor-element-populated\">\n\t\t\t\t\t\t<div class=\"elementor-element elementor-element-b14aa23 wpr-adv-slider-columns-1 wpr-adv-slider-columns--tablet1 wpr-adv-slider-columns--mobile1 wpr-adv-slides-to-scroll-1 wpr-slider-dots-horizontal elementor-widget elementor-widget-wpr-advanced-slider\" data-id=\"b14aa23\" data-element_type=\"widget\" data-settings=\"{&quot;slider_amount&quot;:1,&quot;slider_amount_tablet&quot;:1,&quot;slider_amount_mobile&quot;:1,&quot;slides_to_scroll&quot;:1,&quot;slider_loop&quot;:&quot;yes&quot;,&quot;slider_video_btn_size&quot;:&quot;medium&quot;}\" data-widget_type=\"wpr-advanced-slider.default\">\n\t\t\t\t<div class=\"elementor-widget-container\">\n\t\t\t\n\t\t<!-- Advanced Slider -->\n\t\t<div class=\"wpr-advanced-slider-wrap\">\n\t\t\t\n\t\t\t<div class=\"wpr-advanced-slider\" dir=\"ltr\" data-slick=\"{&quot;rtl&quot;:false,&quot;infinite&quot;:true,&quot;speed&quot;:700,&quot;arrows&quot;:true,&quot;dots&quot;:true,&quot;autoplay&quot;:false,&quot;autoplaySpeed&quot;:0,&quot;pauseOnHover&quot;:&quot;&quot;,&quot;prevArrow&quot;:&quot;#wpr-slider-prev-b14aa23&quot;,&quot;nextArrow&quot;:&quot;#wpr-slider-next-b14aa23&quot;,&quot;vertical&quot;:false,&quot;adaptiveHeight&quot;:true}\" data-video-btn-size=\"{&quot;widescreen&quot;:&quot;medium&quot;,&quot;desktop&quot;:&quot;medium&quot;,&quot;laptop&quot;:&quot;medium&quot;,&quot;tablet_extra&quot;:&quot;medium&quot;,&quot;tablet&quot;:&quot;medium&quot;,&quot;mobile_extra&quot;:&quot;medium&quot;,&quot;mobile&quot;:&quot;medium&quot;}\" data-slide-effect=\"slide\">\n\t\t\t\t<div class=\"wpr-slider-item elementor-repeater-item-2dd9b25\"><div class=\"wpr-slider-item-bg \" style=\"background-image: url(https:\/\/contabilcm.com.br\/wp-content\/uploads\/2024\/03\/87de082f-c914-4d7a-a50f-ded3d0113dd2.jpeg)\"><\/div><div class=\"wpr-slider-item-overlay\"><\/div><div class=\"wpr-cv-container\"><div class=\"wpr-cv-outer\"><div class=\"wpr-cv-inner\"><div class=\"wpr-slider-content\"><div class=\"wpr-slider-title\"><h2>J\u00c1 POSSUI EMPRESA ABERTA <br>E QUER MUDAR DE CONTABILIDADE?<\/h2><\/div><div class=\"wpr-slider-description\"><p>N\u00f3s migramos toda a contabilidade de forma r\u00e1pida e f\u00e1cil.<\/p><\/div><div class=\"wpr-slider-btns\"><a class=\"wpr-slider-primary-btn\" href=\"https:\/\/api.whatsapp.com\/send?phone=551131054930&#038;text=Ol%C3%A1,%20gostaria%20de%20abrir%20uma%20empresa!!\">CONVERSE CONOSCO<\/a><\/div><\/div><\/div><\/div><\/div><\/div><div class=\"wpr-slider-item elementor-repeater-item-19a02bb\"><div class=\"wpr-slider-item-bg \" style=\"background-image: url(https:\/\/contabilcm.com.br\/wp-content\/uploads\/2024\/03\/Dicas-de-Contabilidade.jpg)\"><\/div><div class=\"wpr-slider-item-overlay\"><\/div><div class=\"wpr-cv-container\"><div class=\"wpr-cv-outer\"><div class=\"wpr-cv-inner\"><div class=\"wpr-slider-content\"><div class=\"wpr-slider-title\"><h2>A CONTABILIDADE QUE A SUA EMPRESA PRECISA!<\/h2><\/div><div class=\"wpr-slider-description\"><p>Abra sua empresa e tenha uma contabilidade completa.<\/p><\/div><div class=\"wpr-slider-btns\"><a class=\"wpr-slider-primary-btn\" href=\"https:\/\/api.whatsapp.com\/send?phone=551131054930&#038;text=Ol%C3%A1,%20gostaria%20de%20abrir%20uma%20empresa!!\">CONVERSE CONOSCO<\/a><\/div><\/div><\/div><\/div><\/div><\/div><div class=\"wpr-slider-item elementor-repeater-item-3e650a0\"><div class=\"wpr-slider-item-bg \" style=\"background-image: url(https:\/\/contabilcm.com.br\/wp-content\/uploads\/2024\/03\/mei-fazer-a-declaracao-anual-com-antecedencia-auxilia-no-ir.png)\"><\/div><div class=\"wpr-slider-item-overlay\"><\/div><div class=\"wpr-cv-container\"><div class=\"wpr-cv-outer\"><div class=\"wpr-cv-inner\"><div class=\"wpr-slider-content\"><div class=\"wpr-slider-title\"><h2>MEI, TEMOS SOLU\u00c7\u00d5ES EM CONTABILIDADE PARA VOC\u00ca!<\/h2><\/div><div class=\"wpr-slider-description\"><p>A contabilidade que cabe no seu bolso!\n\n<\/p><\/div><div class=\"wpr-slider-btns\"><a class=\"wpr-slider-primary-btn\" href=\"https:\/\/api.whatsapp.com\/send?phone=551131054930&#038;text=Ol%C3%A1,%20gostaria%20de%20abrir%20uma%20empresa!!\">CONVERSE CONOSCO<\/a><\/div><\/div><\/div><\/div><\/div><\/div><div class=\"wpr-slider-item elementor-repeater-item-9d8a692\"><div class=\"wpr-slider-item-bg \" style=\"background-image: url(https:\/\/contabilcm.com.br\/wp-content\/uploads\/2024\/04\/130918462-22.webp)\"><\/div><div class=\"wpr-slider-item-overlay\"><\/div><div class=\"wpr-cv-container\"><div class=\"wpr-cv-outer\"><div class=\"wpr-cv-inner\"><div class=\"wpr-slider-content\"><div class=\"wpr-slider-title\"><h2>IMPOSTO DE RENDA 2024<\/h2><\/div><div class=\"wpr-slider-description\"><p>O prazo de entrega vai de 15 de mar\u00e7o at\u00e9 31 de maio neste ano.<\/p><\/div><div class=\"wpr-slider-btns\"><a class=\"wpr-slider-primary-btn\" href=\"https:\/\/api.whatsapp.com\/send?phone=551131054930&#038;text=Ol%C3%A1,%20gostaria%20de%20fazer%20meu%20imposto%20de%20renda.\">CONVERSE CONOSCO<\/a><\/div><\/div><\/div><\/div><\/div><\/div>\t\t\t<\/div>\n\t\t\t<div class=\"wpr-slider-controls\">\n\t\t\t\t<div class=\"wpr-slider-dots\"><\/div>\n\t\t\t<\/div>\n\n\t\t\t<div class=\"wpr-slider-arrow-container\">\n\t\t\t\t<div class=\"wpr-slider-prev-arrow wpr-slider-arrow\" id=\"wpr-slider-prev-b14aa23\">\n\t\t\t\t\t<svg version=\"1.1\" xmlns=\"http:\/\/www.w3.org\/2000\/svg\" xmlns:xlink=\"http:\/\/www.w3.org\/1999\/xlink\" x=\"0px\" y=\"0px\" viewBox=\"0 0 283.4 512\" style=\"enable-background:new 0 0 283.4 512;\" xml:space=\"preserve\"><g><polygon class=\"st0\" points=\"54.5,256.3 283.4,485.1 256.1,512.5 0,256.3 0,256.3 27.2,229 256.1,0 283.4,27.4 \"\/><\/g><\/svg>\t\t\t\t<\/div>\n\t\t\t\t<div class=\"wpr-slider-next-arrow wpr-slider-arrow\" id=\"wpr-slider-next-b14aa23\">\n\t\t\t\t\t<svg version=\"1.1\" xmlns=\"http:\/\/www.w3.org\/2000\/svg\" xmlns:xlink=\"http:\/\/www.w3.org\/1999\/xlink\" x=\"0px\" y=\"0px\" viewBox=\"0 0 283.4 512\" style=\"enable-background:new 0 0 283.4 512;\" xml:space=\"preserve\"><g><polygon class=\"st0\" points=\"54.5,256.3 283.4,485.1 256.1,512.5 0,256.3 0,256.3 27.2,229 256.1,0 283.4,27.4 \"\/><\/g><\/svg>\t\t\t\t<\/div>\n\t\t\t<\/div>\n\t\t\t\n\t\t\t\n\t\t<\/div>\n\t\t\t\t<\/div>\n\t\t\t\t<\/div>\n\t\t\t\t\t<\/div>\n\t\t<\/div>\n\t\t\t\t\t<\/div>\n\t\t<\/section>\n\t\t\t\t<section class=\"elementor-section elementor-top-section elementor-element elementor-element-8257b12 elementor-section-boxed elementor-section-height-default elementor-section-height-default wpr-particle-no wpr-jarallax-no wpr-parallax-no wpr-sticky-section-no\" data-id=\"8257b12\" data-element_type=\"section\">\n\t\t\t\t\t\t<div class=\"elementor-container elementor-column-gap-wide\">\n\t\t\t\t\t<div class=\"elementor-column elementor-col-100 elementor-top-column elementor-element elementor-element-7139593 elementor-invisible\" data-id=\"7139593\" data-element_type=\"column\" data-settings=\"{&quot;animation&quot;:&quot;slideInLeft&quot;}\">\n\t\t\t<div class=\"elementor-widget-wrap elementor-element-populated\">\n\t\t\t\t\t\t<div class=\"elementor-element elementor-element-9ec2b4d elementor-widget elementor-widget-heading\" data-id=\"9ec2b4d\" data-element_type=\"widget\" data-widget_type=\"heading.default\">\n\t\t\t\t<div class=\"elementor-widget-container\">\n\t\t\t<style>\/*! elementor - v3.19.0 - 28-02-2024 *\/\n.elementor-heading-title{padding:0;margin:0;line-height:1}.elementor-widget-heading .elementor-heading-title[class*=elementor-size-]>a{color:inherit;font-size:inherit;line-height:inherit}.elementor-widget-heading .elementor-heading-title.elementor-size-small{font-size:15px}.elementor-widget-heading .elementor-heading-title.elementor-size-medium{font-size:19px}.elementor-widget-heading .elementor-heading-title.elementor-size-large{font-size:29px}.elementor-widget-heading .elementor-heading-title.elementor-size-xl{font-size:39px}.elementor-widget-heading .elementor-heading-title.elementor-size-xxl{font-size:59px}<\/style><h2 class=\"elementor-heading-title elementor-size-default\">CONTABILIDADE OPERADORAS DE SAUDE<\/h2>\t\t<\/div>\n\t\t\t\t<\/div>\n\t\t\t\t<div class=\"elementor-element elementor-element-22f4559 elementor-invisible elementor-widget elementor-widget-text-editor\" data-id=\"22f4559\" data-element_type=\"widget\" data-settings=\"{&quot;_animation&quot;:&quot;slideInLeft&quot;}\" data-widget_type=\"text-editor.default\">\n\t\t\t\t<div class=\"elementor-widget-container\">\n\t\t\t<style>\/*! elementor - v3.19.0 - 28-02-2024 *\/\n.elementor-widget-text-editor.elementor-drop-cap-view-stacked .elementor-drop-cap{background-color:#69727d;color:#fff}.elementor-widget-text-editor.elementor-drop-cap-view-framed .elementor-drop-cap{color:#69727d;border:3px solid;background-color:transparent}.elementor-widget-text-editor:not(.elementor-drop-cap-view-default) .elementor-drop-cap{margin-top:8px}.elementor-widget-text-editor:not(.elementor-drop-cap-view-default) .elementor-drop-cap-letter{width:1em;height:1em}.elementor-widget-text-editor .elementor-drop-cap{float:left;text-align:center;line-height:1;font-size:50px}.elementor-widget-text-editor .elementor-drop-cap-letter{display:inline-block}<\/style>\t\t\t\t<ul><li><p>Assessoria no atendimento \u00e1s exig\u00eancias t\u00e9cnicas, apresentadas pela AGENCIA NACIONAL DE SA\u00daDE SUPLEMENTAR \u2013 ANS<\/p><\/li><li><p>Orienta\u00e7\u00e3o ao Preenchimento e envio de informa\u00e7\u00f5es peri\u00f3dicas obrigat\u00f3rias junto a ANS &#8211;\u00a0\u00a0 DIOPS<\/p><\/li><li><p>Elabora\u00e7\u00e3o e acompanhamento de PROGRAMAS DE SANEAMENTO para atendimento a REGIMES ESPECIAIS de dire\u00e7\u00e3o fiscal e ELABORA\u00c7\u00c3O DE TAOEF \u2013 Termo de Adequa\u00e7\u00e3o Econ\u00f4mica Financeira.<\/p><\/li><li><p>C\u00e1lculos e acompanhamento dos ATIVOS GARANTIDORES X PROVISOES TECNICAS e recursos m\u00ednimos necess\u00e1rios \u00e0 opera\u00e7\u00e3o, tais como PATRIMONIO MINIMO AJUSTADO \u2013 PMA\u00a0\u00a0 e MARGEM DE SOLV\u00caNCIA.<\/p><\/li><li><p>Acompanhamento de REGIME ESPECIAL de Dire\u00e7\u00e3o T\u00e9cnica e \/ ou fiscal. Promovendo tratativas com o Diretor Fiscal e Analista da ANS.<\/p><\/li><li><p>An\u00e1lise e suporte t\u00e9cnico na verifica\u00e7\u00e3o e reda\u00e7\u00e3o das NOTAS EXPLICATIVAS \u00e1s demonstra\u00e7\u00f5es cont\u00e1beis<\/p><\/li><\/ul>\t\t\t\t\t\t<\/div>\n\t\t\t\t<\/div>\n\t\t\t\t\t<\/div>\n\t\t<\/div>\n\t\t\t\t\t<\/div>\n\t\t<\/section>\n\t\t\t\t<\/div>\n\t\t","protected":false},"excerpt":{"rendered":"<p>J\u00c1 POSSUI EMPRESA ABERTA E QUER MUDAR DE CONTABILIDADE? N\u00f3s migramos toda a contabilidade de forma r\u00e1pida e f\u00e1cil. CONVERSE CONOSCO A CONTABILIDADE QUE A SUA EMPRESA PRECISA! Abra sua empresa e tenha uma contabilidade completa. CONVERSE CONOSCO MEI, TEMOS SOLU\u00c7\u00d5ES EM CONTABILIDADE PARA VOC\u00ca! A contabilidade que cabe no seu bolso! CONVERSE CONOSCO IMPOSTO [&hellip;]<\/p>\n","protected":false},"author":1,"featured_media":0,"parent":0,"menu_order":0,"comment_status":"closed","ping_status":"closed","template":"elementor_canvas","meta":{"footnotes":""},"class_list":["post-2453","page","type-page","status-publish","hentry"],"_links":{"self":[{"href":"https:\/\/contabilcm.com.br\/index.php\/wp-json\/wp\/v2\/pages\/2453","targetHints":{"allow":["GET"]}}],"collection":[{"href":"https:\/\/contabilcm.com.br\/index.php\/wp-json\/wp\/v2\/pages"}],"about":[{"href":"https:\/\/contabilcm.com.br\/index.php\/wp-json\/wp\/v2\/types\/page"}],"author":[{"embeddable":true,"href":"https:\/\/contabilcm.com.br\/index.php\/wp-json\/wp\/v2\/users\/1"}],"replies":[{"embeddable":true,"href":"https:\/\/contabilcm.com.br\/index.php\/wp-json\/wp\/v2\/comments?post=2453"}],"version-history":[{"count":7,"href":"https:\/\/contabilcm.com.br\/index.php\/wp-json\/wp\/v2\/pages\/2453\/revisions"}],"predecessor-version":[{"id":2605,"href":"https:\/\/contabilcm.com.br\/index.php\/wp-json\/wp\/v2\/pages\/2453\/revisions\/2605"}],"wp:attachment":[{"href":"https:\/\/contabilcm.com.br\/index.php\/wp-json\/wp\/v2\/media?parent=2453"}],"curies":[{"name":"wp","href":"https:\/\/api.w.org\/{rel}","templated":true}]}}